{"id":428,"date":"2023-07-29T02:03:05","date_gmt":"2023-07-29T00:03:05","guid":{"rendered":"https:\/\/stiftung-ettersberg.de\/en\/datenschutz-symposium\/"},"modified":"2023-07-29T02:03:05","modified_gmt":"2023-07-29T00:03:05","slug":"datenschutz-symposium","status":"publish","type":"page","link":"https:\/\/stiftung-ettersberg.de\/en\/datenschutz-symposium\/","title":{"rendered":"Datenschutz Symposium"},"content":{"rendered":"\n<p><strong>gem\u00e4\u00df Art. 13 DSGVO f\u00fcr Teilnehmende des<\/strong><\/p>\n\n\n\n<p><strong>21. Internationalen Symposiums der Stiftung Ettersberg<\/strong><\/p>\n\n\n\n<p>Als Verantwortlicher f\u00fcr die Verarbeitung Ihrer personenbezogenen Daten im Sinne des Art. 4 Nr. 7 DSGVO l\u00e4sst die Stiftung Ettersberg Ihnen hiermit Informationen zur Erhebung Ihrer personenbezogenen Daten zukommen.<\/p>\n\n\n\n<p>Das Symposium findet im Reithaus Weimar, Platz der Demokratie 5, in 99423 Weimar statt.<\/p>\n\n\n\n<p><strong>1. Name und Kontaktdaten des Verantwortlichen<\/strong><\/p>\n\n\n\n<p>Verantwortlich f\u00fcr die Verarbeitung Ihrer personenbezogenen Daten ist:<\/p>\n\n\n\n<p><strong>Stiftung Ettersberg<\/strong><\/p>\n\n\n\n<p><strong>Jenaer Str. 4<\/strong><\/p>\n\n\n\n<p><strong>99425 Weimar<\/strong><\/p>\n\n\n\n<figure class=\"wp-block-table\"><table><tbody><tr><td>Telefon:<br>E-Mail:<\/td><td>03643 4975-0<br>weimar@stiftung-ettersberg.de<\/td><\/tr><\/tbody><\/table><\/figure>\n\n\n\n<p><strong>2. Kontaktdaten des Datenschutzbeauftragten<\/strong><\/p>\n\n\n\n<p>Den Datenschutzbeauftragten der Stiftung Ettersberg erreichen Sie unter:<\/p>\n\n\n\n<p><strong>Hannes Gro\u00dfst\u00fcck<\/strong><\/p>\n\n\n\n<p><strong>b.it.s Beratung | IT | Service<\/strong><\/p>\n\n\n\n<p><strong>Linderbacher Weg 30<\/strong><\/p>\n\n\n\n<p><strong>99099 Erfurt<\/strong><\/p>\n\n\n\n<p><\/p>\n\n\n\n<p> <\/p>\n","protected":false},"excerpt":{"rendered":"<p>gem\u00e4\u00df Art. 13 DSGVO f\u00fcr Teilnehmende des 21. Internationalen Symposiums der Stiftung Ettersberg Als Verantwortlicher f\u00fcr die Verarbeitung Ihrer personenbezogenen Daten im Sinne des Art. 4 Nr. 7 DSGVO l\u00e4sst die Stiftung Ettersberg Ihnen hiermit Informationen zur Erhebung Ihrer personenbezogenen Daten zukommen. Das Symposium findet im Reithaus Weimar, Platz der Demokratie 5, in 99423 Weimar [&hellip;]<\/p>\n","protected":false},"author":1,"featured_media":0,"parent":0,"menu_order":9,"comment_status":"closed","ping_status":"closed","template":"","meta":{"_acf_changed":false,"footnotes":""},"class_list":["post-428","page","type-page","status-publish","hentry"],"acf":[],"yoast_head":"<!-- This site is optimized with the Yoast SEO plugin v26.7 - https:\/\/yoast.com\/wordpress\/plugins\/seo\/ -->\n<title>Datenschutz Symposium - Stiftung Ettersberg<\/title>\n<meta name=\"robots\" content=\"index, follow, max-snippet:-1, max-image-preview:large, max-video-preview:-1\" \/>\n<link rel=\"canonical\" href=\"https:\/\/stiftung-ettersberg.de\/en\/datenschutz-symposium\/\" \/>\n<meta property=\"og:locale\" content=\"en_US\" \/>\n<meta property=\"og:type\" content=\"article\" \/>\n<meta property=\"og:title\" content=\"Datenschutz Symposium - Stiftung Ettersberg\" \/>\n<meta property=\"og:description\" content=\"gem\u00e4\u00df Art. 13 DSGVO f\u00fcr Teilnehmende des 21. Internationalen Symposiums der Stiftung Ettersberg Als Verantwortlicher f\u00fcr die Verarbeitung Ihrer personenbezogenen Daten im Sinne des Art. 4 Nr. 7 DSGVO l\u00e4sst die Stiftung Ettersberg Ihnen hiermit Informationen zur Erhebung Ihrer personenbezogenen Daten zukommen. Das Symposium findet im Reithaus Weimar, Platz der Demokratie 5, in 99423 Weimar [&hellip;]\" \/>\n<meta property=\"og:url\" content=\"https:\/\/stiftung-ettersberg.de\/en\/datenschutz-symposium\/\" \/>\n<meta property=\"og:site_name\" content=\"Stiftung Ettersberg\" \/>\n<meta name=\"twitter:card\" content=\"summary_large_image\" \/>\n<meta name=\"twitter:label1\" content=\"Est. reading time\" \/>\n\t<meta name=\"twitter:data1\" content=\"1 minute\" \/>\n<script type=\"application\/ld+json\" class=\"yoast-schema-graph\">{\"@context\":\"https:\/\/schema.org\",\"@graph\":[{\"@type\":\"WebPage\",\"@id\":\"https:\/\/stiftung-ettersberg.de\/en\/datenschutz-symposium\/\",\"url\":\"https:\/\/stiftung-ettersberg.de\/en\/datenschutz-symposium\/\",\"name\":\"Datenschutz Symposium - Stiftung Ettersberg\",\"isPartOf\":{\"@id\":\"https:\/\/stiftung-ettersberg.de\/en\/#website\"},\"datePublished\":\"2023-07-29T00:03:05+00:00\",\"inLanguage\":\"en-US\",\"potentialAction\":[{\"@type\":\"ReadAction\",\"target\":[\"https:\/\/stiftung-ettersberg.de\/en\/datenschutz-symposium\/\"]}]},{\"@type\":\"WebSite\",\"@id\":\"https:\/\/stiftung-ettersberg.de\/en\/#website\",\"url\":\"https:\/\/stiftung-ettersberg.de\/en\/\",\"name\":\"Stiftung Ettersberg\",\"description\":\"\",\"potentialAction\":[{\"@type\":\"SearchAction\",\"target\":{\"@type\":\"EntryPoint\",\"urlTemplate\":\"https:\/\/stiftung-ettersberg.de\/en\/?s={search_term_string}\"},\"query-input\":{\"@type\":\"PropertyValueSpecification\",\"valueRequired\":true,\"valueName\":\"search_term_string\"}}],\"inLanguage\":\"en-US\"}]}<\/script>\n<!-- \/ Yoast SEO plugin. -->","yoast_head_json":{"title":"Datenschutz Symposium - Stiftung Ettersberg","robots":{"index":"index","follow":"follow","max-snippet":"max-snippet:-1","max-image-preview":"max-image-preview:large","max-video-preview":"max-video-preview:-1"},"canonical":"https:\/\/stiftung-ettersberg.de\/en\/datenschutz-symposium\/","og_locale":"en_US","og_type":"article","og_title":"Datenschutz Symposium - Stiftung Ettersberg","og_description":"gem\u00e4\u00df Art. 13 DSGVO f\u00fcr Teilnehmende des 21. Internationalen Symposiums der Stiftung Ettersberg Als Verantwortlicher f\u00fcr die Verarbeitung Ihrer personenbezogenen Daten im Sinne des Art. 4 Nr. 7 DSGVO l\u00e4sst die Stiftung Ettersberg Ihnen hiermit Informationen zur Erhebung Ihrer personenbezogenen Daten zukommen. Das Symposium findet im Reithaus Weimar, Platz der Demokratie 5, in 99423 Weimar [&hellip;]","og_url":"https:\/\/stiftung-ettersberg.de\/en\/datenschutz-symposium\/","og_site_name":"Stiftung Ettersberg","twitter_card":"summary_large_image","twitter_misc":{"Est. reading time":"1 minute"},"schema":{"@context":"https:\/\/schema.org","@graph":[{"@type":"WebPage","@id":"https:\/\/stiftung-ettersberg.de\/en\/datenschutz-symposium\/","url":"https:\/\/stiftung-ettersberg.de\/en\/datenschutz-symposium\/","name":"Datenschutz Symposium - Stiftung Ettersberg","isPartOf":{"@id":"https:\/\/stiftung-ettersberg.de\/en\/#website"},"datePublished":"2023-07-29T00:03:05+00:00","inLanguage":"en-US","potentialAction":[{"@type":"ReadAction","target":["https:\/\/stiftung-ettersberg.de\/en\/datenschutz-symposium\/"]}]},{"@type":"WebSite","@id":"https:\/\/stiftung-ettersberg.de\/en\/#website","url":"https:\/\/stiftung-ettersberg.de\/en\/","name":"Stiftung Ettersberg","description":"","potentialAction":[{"@type":"SearchAction","target":{"@type":"EntryPoint","urlTemplate":"https:\/\/stiftung-ettersberg.de\/en\/?s={search_term_string}"},"query-input":{"@type":"PropertyValueSpecification","valueRequired":true,"valueName":"search_term_string"}}],"inLanguage":"en-US"}]}},"_links":{"self":[{"href":"https:\/\/stiftung-ettersberg.de\/en\/wp-json\/wp\/v2\/pages\/428","targetHints":{"allow":["GET"]}}],"collection":[{"href":"https:\/\/stiftung-ettersberg.de\/en\/wp-json\/wp\/v2\/pages"}],"about":[{"href":"https:\/\/stiftung-ettersberg.de\/en\/wp-json\/wp\/v2\/types\/page"}],"author":[{"embeddable":true,"href":"https:\/\/stiftung-ettersberg.de\/en\/wp-json\/wp\/v2\/users\/1"}],"replies":[{"embeddable":true,"href":"https:\/\/stiftung-ettersberg.de\/en\/wp-json\/wp\/v2\/comments?post=428"}],"version-history":[{"count":0,"href":"https:\/\/stiftung-ettersberg.de\/en\/wp-json\/wp\/v2\/pages\/428\/revisions"}],"wp:attachment":[{"href":"https:\/\/stiftung-ettersberg.de\/en\/wp-json\/wp\/v2\/media?parent=428"}],"curies":[{"name":"wp","href":"https:\/\/api.w.org\/{rel}","templated":true}]}}